{"id":402,"date":"2021-01-13T18:35:43","date_gmt":"2021-01-13T18:35:43","guid":{"rendered":"http:\/\/dylandesign.ch\/?page_id=402"},"modified":"2024-01-22T14:39:56","modified_gmt":"2024-01-22T14:39:56","slug":"comic","status":"publish","type":"page","link":"https:\/\/dylandesign.ch\/en\/comic\/","title":{"rendered":"Comic"},"content":{"rendered":"\n<p>2020, eigene Arbeit, im Praktikum entstanden <\/p>\n\n\n\n<p>Bereich: Illustration &nbsp; &nbsp;<\/p>\n\n\n\n<p>Auftrag: Entwicklung eines Comics f\u00fcr die Agentur nullgradnord<\/p>\n\n\n<div id=\"grid-gallery-13-59799\" data-gg-id=\"13\" data-title=\"Comic 2\" data-grid-type=\"2\" data-offset=\"5.3\" data-area-position=\"center\" data-icons=\"\" data-preloader=\"true\" data-width=\"auto\" data-height=\"430\" data-padding=\"0\" data-quicksand=\"disabled\" data-quicksand-duration=\"none\" data-popup-theme=\"theme_6\" data-popup-type=\"pretty-photo\" data-popup-image-text=\"data-description\" data-popup-widthsize=\"auto\" data-popup-heightsize=\"auto\" data-popup-i18n-words=\"{&quot;close&quot;:&quot;close&quot;,&quot;next&quot;:&quot;next&quot;,&quot;previous&quot;:&quot;previous&quot;,&quot;start_slideshow&quot;:&quot;start slideshow&quot;,&quot;stop_slideshow&quot;:&quot;stop slideshow&quot;,&quot;image&quot;:&quot;image&quot;,&quot;of&quot;:&quot;of&quot;,&quot;prev&quot;:&quot;prev&quot;,&quot;cExpand&quot;:&quot;Expand&quot;,&quot;cPrevious&quot;:&quot;Previous&quot;,&quot;cNext&quot;:&quot;Next&quot;,&quot;cExpandStr&quot;:&quot;Expand the image&quot;,&quot;cRotate&quot;:&quot;Rotate&quot;,&quot;cDetails&quot;:&quot;Details&quot;}\" data-popup-slideshow=\"false\" data-popup-slideshow-speed=\"2500\" data-popup-hoverstop=\"true\" data-popup-slideshow-auto=\"false\" data-popup-background=\"\" data-popup-transparency=\"30\" data-popup-disable-history=\"\" data-popup-disable-changed-url=\"\" data-popup-border-type=\"solid\" data-popup-border-color=\"\" data-popup-border-width=\"\" data-popup-border-enable=\"\" data-fullscreen=\"false\" data-hide-tooltip=\"false\" data-caption-font-family=\"Default\" data-caption-text-size=\"140\" data-is-mobile=\"0\" data-caption-mobile=\"false\" data-hide-long-tltp-title=\"0\" data-caption-disabled-on-mobile=\"false\" data-popup-placement-type=\"0\" data-social-sharing=\"{&quot;enabled&quot;:&quot;&quot;,&quot;gallerySharing&quot;:{&quot;enabled&quot;:null,&quot;position&quot;:null},&quot;imageSharing&quot;:{&quot;enabled&quot;:null,&quot;wrapperClass&quot;:&quot; vertical &quot;},&quot;popupSharing&quot;:{&quot;enabled&quot;:null,&quot;wrapperClass&quot;:&quot; vertical &quot;}}\" class=\"grid-gallery grid-gallery-fixed \" style=\" width:100%; height:auto; margin-left:auto; margin-right:auto;position:relative;\"> <div class=\"gallery-loading\"> <div class=\"blocks\"> <div class=\"block\"><\/div> <div class=\"block\"><\/div> <div class=\"block\"><\/div> <div class=\"block\"><\/div> <\/div> <\/div> <div class=\"gallery-sharing-top\" style=\"display:none;\"> <\/div> <div id=\"photos-13\" class=\"grid-gallery-photos\"><FIGURE class=\"grid-gallery-caption\" data-grid-gallery-type=\"quarter-slide-up\" data-index=\"0\" style=\"display:none;border-radius:00;; margin:2.65px; height:4300; width:auto;\" ><div class=\"crop\" style=\"\"><img decoding=\"async\" src=\"http:\/\/dylandesign.ch\/wp-content\/uploads\/2021\/02\/Bildschirmfoto-2021-02-03-um-16.28.39-605x430.png\" class=\"ggImg ggNotInitImg\" alt=\"Bildschirmfoto 2021-02-03 um 16.28.39\" title=\"Bildschirmfoto 2021-02-03 um 16.28.39\" data-description=\"Bildschirmfoto 2021-02-03 um 16.28.39\" data-caption=\"Bildschirmfoto 2021-02-03 um 16.28.39\" data-title=\"Bildschirmfoto 2021-02-03 um 16.28.39\" style=\" height:430px; width:auto;\" \/><\/div><FIGCAPTION class=\"\" data-alpha=\"5\" style=\"color:#ffffff; background-color:#6f0000; font-size:140; text-align:left; font-family:Default;\" ><div class=\"grid-gallery-figcaption-wrap\" style=\"\"><\/div><\/FIGCAPTION><\/FIGURE><FIGURE class=\"grid-gallery-caption\" data-grid-gallery-type=\"quarter-slide-up\" data-index=\"1\" style=\"display:none;border-radius:00;; margin:2.65px; height:4300; width:auto;\" ><div class=\"crop\" style=\"\"><img decoding=\"async\" src=\"http:\/\/dylandesign.ch\/wp-content\/uploads\/2021\/01\/Bildschirmfoto-2021-01-13-um-18.07.12-303x430.jpeg\" class=\"ggImg ggNotInitImg\" alt=\"Bildschirmfoto 2021-01-13 um 18.07.12\" title=\"Bildschirmfoto 2021-01-13 um 18.07.12\" data-description=\"Bildschirmfoto 2021-01-13 um 18.07.12\" data-caption=\"Bildschirmfoto 2021-01-13 um 18.07.12\" data-title=\"Bildschirmfoto 2021-01-13 um 18.07.12\" style=\" height:430px; width:auto;\" \/><\/div><FIGCAPTION class=\"\" data-alpha=\"5\" style=\"color:#ffffff; background-color:#6f0000; font-size:140; text-align:left; font-family:Default;\" ><div class=\"grid-gallery-figcaption-wrap\" style=\"\"><\/div><\/FIGCAPTION><\/FIGURE><FIGURE class=\"grid-gallery-caption\" data-grid-gallery-type=\"quarter-slide-up\" data-index=\"2\" style=\"display:none;border-radius:00;; margin:2.65px; height:4300; width:auto;\" ><div class=\"crop\" style=\"\"><img decoding=\"async\" src=\"http:\/\/dylandesign.ch\/wp-content\/uploads\/2021\/01\/Bildschirmfoto-2021-01-13-um-18.07.35-304x430.jpeg\" class=\"ggImg ggNotInitImg\" alt=\"Bildschirmfoto 2021-01-13 um 18.07.35\" title=\"Bildschirmfoto 2021-01-13 um 18.07.35\" data-description=\"Bildschirmfoto 2021-01-13 um 18.07.35\" data-caption=\"Bildschirmfoto 2021-01-13 um 18.07.35\" data-title=\"Bildschirmfoto 2021-01-13 um 18.07.35\" style=\" height:430px; width:auto;\" \/><\/div><FIGCAPTION class=\"\" data-alpha=\"5\" style=\"color:#ffffff; background-color:#6f0000; font-size:140; text-align:left; font-family:Default;\" ><div class=\"grid-gallery-figcaption-wrap\" style=\"\"><\/div><\/FIGCAPTION><\/FIGURE><FIGURE class=\"grid-gallery-caption\" data-grid-gallery-type=\"quarter-slide-up\" data-index=\"3\" style=\"display:none;border-radius:00;; margin:2.65px; height:4300; width:auto;\" ><div class=\"crop\" style=\"\"><img decoding=\"async\" src=\"http:\/\/dylandesign.ch\/wp-content\/uploads\/2021\/01\/Bildschirmfoto-2021-01-13-um-18.08.25-303x430.jpeg\" class=\"ggImg ggNotInitImg\" alt=\"Bildschirmfoto 2021-01-13 um 18.08.25\" title=\"Bildschirmfoto 2021-01-13 um 18.08.25\" data-description=\"Bildschirmfoto 2021-01-13 um 18.08.25\" data-caption=\"Bildschirmfoto 2021-01-13 um 18.08.25\" data-title=\"Bildschirmfoto 2021-01-13 um 18.08.25\" style=\" height:430px; width:auto;\" \/><\/div><FIGCAPTION class=\"\" data-alpha=\"5\" style=\"color:#ffffff; background-color:#6f0000; font-size:140; text-align:left; font-family:Default;\" ><div class=\"grid-gallery-figcaption-wrap\" style=\"\"><\/div><\/FIGCAPTION><\/FIGURE><FIGURE class=\"grid-gallery-caption\" data-grid-gallery-type=\"quarter-slide-up\" data-index=\"4\" style=\"display:none;border-radius:00;; margin:2.65px; height:4300; width:auto;\" ><div class=\"crop\" style=\"\"><img decoding=\"async\" src=\"http:\/\/dylandesign.ch\/wp-content\/uploads\/2021\/01\/Bildschirmfoto-2021-01-13-um-18.08.43-303x430.jpeg\" class=\"ggImg ggNotInitImg\" alt=\"Bildschirmfoto 2021-01-13 um 18.08.43\" title=\"Bildschirmfoto 2021-01-13 um 18.08.43\" data-description=\"Bildschirmfoto 2021-01-13 um 18.08.43\" data-caption=\"Bildschirmfoto 2021-01-13 um 18.08.43\" data-title=\"Bildschirmfoto 2021-01-13 um 18.08.43\" style=\" height:430px; width:auto;\" \/><\/div><FIGCAPTION class=\"\" data-alpha=\"5\" style=\"color:#ffffff; background-color:#6f0000; font-size:140; text-align:left; font-family:Default;\" ><div class=\"grid-gallery-figcaption-wrap\" style=\"\"><\/div><\/FIGCAPTION><\/FIGURE> <div class=\"grid-gallery-clearfix\"><\/div> <\/div> <div class=\"gallery-sharing-bottom\" style=\"display:none;\"> <\/div> <div class=\"gallery-sharing-image\" style=\"display:none;\"> <\/div> <div class=\"gallery-sharing-popup\" style=\"display:none;\"> <\/div> <div class=\"grid-gallery-clearfix\"><\/div> <\/div> <!-- Gallery by Supsystic plugin1.16.1 --><a title=\"WordPress Image Gallery Plugin\" style=\"display:none;\" href=\"https:\/\/supsystic.com\/plugins\/photo-gallery\/?utm_medium=love_link\" target=\"_blank\">WordPress Image Gallery Plugin<\/a>\n\n\n\n<p>Ausgangslage: Als ich ein Praktikant bei nullgradnord war, haben sie mich mal gefragt was ich bei ihnen noch lernen m\u00f6chte. Ich antwortete das ich von Illustrationen fasziniert bin und m\u00f6chte mich gerne damit auseinandersetzen. Also bekam ich den Auftrag einen Comic f\u00fcr die Agentur zu entwerfen. W\u00e4hrend meinem Arbeitsprozess bekam ich Unterst\u00fctzung von der Agentur.<\/p>\n\n\n\n<p>Falls sie wissen m\u00f6chten wie die Geschichte im Comic weitergeht, k\u00f6nnen sie bei mir bestellen.<\/p>\n","protected":false},"excerpt":{"rendered":"<p>2020, eigene Arbeit, im Praktikum entstanden Bereich: Illustration &nbsp; &nbsp; Auftrag: Entwicklung eines Comics f\u00fcr die Agentur nullgradnord Ausgangslage: Als ich ein Praktikant bei nullgradnord war, haben sie mich mal gefragt was ich bei ihnen noch lernen m\u00f6chte. Ich antwortete das ich von Illustrationen fasziniert bin und m\u00f6chte mich gerne damit auseinandersetzen. Also bekam ich &hellip; <\/p>\n<p class=\"link-more\"><a href=\"https:\/\/dylandesign.ch\/en\/comic\/\" class=\"more-link\">Read more<span class=\"screen-reader-text\"> &#8220;Comic&#8221;<\/span><\/a><\/p>\n","protected":false},"author":1,"featured_media":0,"parent":0,"menu_order":0,"comment_status":"closed","ping_status":"closed","template":"","meta":{"_uag_custom_page_level_css":"","footnotes":""},"class_list":["post-402","page","type-page","status-publish","hentry"],"translation":{"provider":"WPGlobus","version":"2.12.2","language":"en","enabled_languages":["de","en"],"languages":{"de":{"title":true,"content":true,"excerpt":false},"en":{"title":false,"content":false,"excerpt":false}}},"uagb_featured_image_src":{"full":false,"thumbnail":false,"medium":false,"medium_large":false,"large":false,"1536x1536":false,"2048x2048":false,"gg_gallery_thumbnail":false,"inspiro-featured-image":false,"inspiro-loop":false,"inspiro-loop@2x":false},"uagb_author_info":{"display_name":"twerp","author_link":"https:\/\/dylandesign.ch\/en\/author\/twerp\/"},"uagb_comment_info":0,"uagb_excerpt":"2020, eigene Arbeit, im Praktikum entstanden Bereich: Illustration &nbsp; &nbsp; Auftrag: Entwicklung eines Comics f\u00fcr die Agentur nullgradnord Ausgangslage: Als ich ein Praktikant bei nullgradnord war, haben sie mich mal gefragt was ich bei ihnen noch lernen m\u00f6chte. Ich antwortete das ich von Illustrationen fasziniert bin und m\u00f6chte mich gerne damit auseinandersetzen. Also bekam ich&hellip;","_links":{"self":[{"href":"https:\/\/dylandesign.ch\/en\/wp-json\/wp\/v2\/pages\/402"}],"collection":[{"href":"https:\/\/dylandesign.ch\/en\/wp-json\/wp\/v2\/pages"}],"about":[{"href":"https:\/\/dylandesign.ch\/en\/wp-json\/wp\/v2\/types\/page"}],"author":[{"embeddable":true,"href":"https:\/\/dylandesign.ch\/en\/wp-json\/wp\/v2\/users\/1"}],"replies":[{"embeddable":true,"href":"https:\/\/dylandesign.ch\/en\/wp-json\/wp\/v2\/comments?post=402"}],"version-history":[{"count":7,"href":"https:\/\/dylandesign.ch\/en\/wp-json\/wp\/v2\/pages\/402\/revisions"}],"predecessor-version":[{"id":634,"href":"https:\/\/dylandesign.ch\/en\/wp-json\/wp\/v2\/pages\/402\/revisions\/634"}],"wp:attachment":[{"href":"https:\/\/dylandesign.ch\/en\/wp-json\/wp\/v2\/media?parent=402"}],"curies":[{"name":"wp","href":"https:\/\/api.w.org\/{rel}","templated":true}]}}