{"id":458,"date":"2023-04-19T14:54:49","date_gmt":"2023-04-19T14:54:49","guid":{"rendered":"https:\/\/dylandesign.ch\/?page_id=458"},"modified":"2024-01-09T16:52:52","modified_gmt":"2024-01-09T16:52:52","slug":"seite-ueber-bridge","status":"publish","type":"page","link":"https:\/\/dylandesign.ch\/en\/seite-ueber-bridge\/","title":{"rendered":"Magazin Inserat"},"content":{"rendered":"\n<p>2023<\/p>\n\n\n\n<p>Auftrag: F\u00fcr Bridge eine halbe Seite gestalten, das im Magazin Z\u00fcrisee Aktuell hinzugef\u00fcgt wird.<\/p>\n\n\n\n<p><\/p>\n\n\n\n<figure class=\"wp-block-image size-large\"><img loading=\"lazy\" decoding=\"async\" width=\"1024\" height=\"763\" src=\"http:\/\/dylandesign.ch\/wp-content\/uploads\/2023\/05\/Bridge_Vorlage_7_Webseite_Rahmen-1024x763.jpg\" alt=\"\" class=\"wp-image-475\" srcset=\"https:\/\/dylandesign.ch\/wp-content\/uploads\/2023\/05\/Bridge_Vorlage_7_Webseite_Rahmen-1024x763.jpg 1024w, https:\/\/dylandesign.ch\/wp-content\/uploads\/2023\/05\/Bridge_Vorlage_7_Webseite_Rahmen-300x224.jpg 300w, https:\/\/dylandesign.ch\/wp-content\/uploads\/2023\/05\/Bridge_Vorlage_7_Webseite_Rahmen-150x112.jpg 150w, https:\/\/dylandesign.ch\/wp-content\/uploads\/2023\/05\/Bridge_Vorlage_7_Webseite_Rahmen-768x572.jpg 768w, https:\/\/dylandesign.ch\/wp-content\/uploads\/2023\/05\/Bridge_Vorlage_7_Webseite_Rahmen-1536x1145.jpg 1536w, https:\/\/dylandesign.ch\/wp-content\/uploads\/2023\/05\/Bridge_Vorlage_7_Webseite_Rahmen-2048x1527.jpg 2048w\" sizes=\"(max-width: 1024px) 100vw, 1024px\" \/><\/figure>\n\n\n\n<p>Ausgangslage: Das Lebensmittelgesch\u00e4ft \u00abBridge\u00bb schickte mir eine Vorlage von ihrer Seite, f\u00fcr das Magazin Z\u00fcrisee Aktuell. Die Bilder und Farben auf der Seite waren noch nicht fix. Bridge wollte das ich eine weitere Vorlage erstelle, in welcher sie dann Farben und Bilder noch austauschen k\u00f6nnen.<\/p>\n","protected":false},"excerpt":{"rendered":"<p>2023 Auftrag: F\u00fcr Bridge eine halbe Seite gestalten, das im Magazin Z\u00fcrisee Aktuell hinzugef\u00fcgt wird. Ausgangslage: Das Lebensmittelgesch\u00e4ft \u00abBridge\u00bb schickte mir eine Vorlage von ihrer Seite, f\u00fcr das Magazin Z\u00fcrisee Aktuell. Die Bilder und Farben auf der Seite waren noch nicht fix. Bridge wollte das ich eine weitere Vorlage erstelle, in welcher sie dann Farben &hellip; <\/p>\n<p class=\"link-more\"><a href=\"https:\/\/dylandesign.ch\/en\/seite-ueber-bridge\/\" class=\"more-link\">Read more<span class=\"screen-reader-text\"> &#8220;Magazin Inserat&#8221;<\/span><\/a><\/p>\n","protected":false},"author":1,"featured_media":0,"parent":0,"menu_order":0,"comment_status":"closed","ping_status":"closed","template":"","meta":{"_uag_custom_page_level_css":"","footnotes":""},"class_list":["post-458","page","type-page","status-publish","hentry"],"translation":{"provider":"WPGlobus","version":"2.12.2","language":"en","enabled_languages":["de","en"],"languages":{"de":{"title":true,"content":true,"excerpt":false},"en":{"title":false,"content":false,"excerpt":false}}},"uagb_featured_image_src":{"full":false,"thumbnail":false,"medium":false,"medium_large":false,"large":false,"1536x1536":false,"2048x2048":false,"gg_gallery_thumbnail":false,"inspiro-featured-image":false,"inspiro-loop":false,"inspiro-loop@2x":false},"uagb_author_info":{"display_name":"twerp","author_link":"https:\/\/dylandesign.ch\/en\/author\/twerp\/"},"uagb_comment_info":0,"uagb_excerpt":"2023 Auftrag: F\u00fcr Bridge eine halbe Seite gestalten, das im Magazin Z\u00fcrisee Aktuell hinzugef\u00fcgt wird. Ausgangslage: Das Lebensmittelgesch\u00e4ft \u00abBridge\u00bb schickte mir eine Vorlage von ihrer Seite, f\u00fcr das Magazin Z\u00fcrisee Aktuell. Die Bilder und Farben auf der Seite waren noch nicht fix. Bridge wollte das ich eine weitere Vorlage erstelle, in welcher sie dann Farben&hellip;","_links":{"self":[{"href":"https:\/\/dylandesign.ch\/en\/wp-json\/wp\/v2\/pages\/458"}],"collection":[{"href":"https:\/\/dylandesign.ch\/en\/wp-json\/wp\/v2\/pages"}],"about":[{"href":"https:\/\/dylandesign.ch\/en\/wp-json\/wp\/v2\/types\/page"}],"author":[{"embeddable":true,"href":"https:\/\/dylandesign.ch\/en\/wp-json\/wp\/v2\/users\/1"}],"replies":[{"embeddable":true,"href":"https:\/\/dylandesign.ch\/en\/wp-json\/wp\/v2\/comments?post=458"}],"version-history":[{"count":5,"href":"https:\/\/dylandesign.ch\/en\/wp-json\/wp\/v2\/pages\/458\/revisions"}],"predecessor-version":[{"id":610,"href":"https:\/\/dylandesign.ch\/en\/wp-json\/wp\/v2\/pages\/458\/revisions\/610"}],"wp:attachment":[{"href":"https:\/\/dylandesign.ch\/en\/wp-json\/wp\/v2\/media?parent=458"}],"curies":[{"name":"wp","href":"https:\/\/api.w.org\/{rel}","templated":true}]}}