{"id":479,"date":"2023-09-21T13:56:02","date_gmt":"2023-09-21T13:56:02","guid":{"rendered":"https:\/\/dylandesign.ch\/?page_id=479"},"modified":"2024-01-29T16:27:05","modified_gmt":"2024-01-29T16:27:05","slug":"bridge-brutal-lokal","status":"publish","type":"page","link":"https:\/\/dylandesign.ch\/en\/bridge-brutal-lokal\/","title":{"rendered":"Brutal Lokal"},"content":{"rendered":"\n<p>2023<\/p>\n\n\n\n<p>Auftrag: Gestaltung verschiedener Werbeprodukte f\u00fcr Brutal Lokal<\/p>\n\n\n\n<figure class=\"wp-block-gallery has-nested-images columns-default is-cropped wp-block-gallery-1 is-layout-flex wp-block-gallery-is-layout-flex\">\n<figure class=\"wp-block-image size-large\"><img loading=\"lazy\" decoding=\"async\" width=\"768\" height=\"1024\" data-id=\"509\" src=\"https:\/\/dylandesign.ch\/wp-content\/uploads\/2023\/09\/IMG_0970-3-768x1024.jpeg\" alt=\"\" class=\"wp-image-509\" srcset=\"https:\/\/dylandesign.ch\/wp-content\/uploads\/2023\/09\/IMG_0970-3-768x1024.jpeg 768w, https:\/\/dylandesign.ch\/wp-content\/uploads\/2023\/09\/IMG_0970-3-225x300.jpeg 225w, https:\/\/dylandesign.ch\/wp-content\/uploads\/2023\/09\/IMG_0970-3-113x150.jpeg 113w, https:\/\/dylandesign.ch\/wp-content\/uploads\/2023\/09\/IMG_0970-3-1152x1536.jpeg 1152w, https:\/\/dylandesign.ch\/wp-content\/uploads\/2023\/09\/IMG_0970-3-1536x2048.jpeg 1536w, https:\/\/dylandesign.ch\/wp-content\/uploads\/2023\/09\/IMG_0970-3-scaled.jpeg 1920w\" sizes=\"(max-width: 768px) 100vw, 768px\" \/><\/figure>\n\n\n\n<figure class=\"wp-block-image size-large\"><img loading=\"lazy\" decoding=\"async\" width=\"768\" height=\"1024\" data-id=\"510\" src=\"https:\/\/dylandesign.ch\/wp-content\/uploads\/2023\/09\/IMG_1006-3-768x1024.jpeg\" alt=\"\" class=\"wp-image-510\" srcset=\"https:\/\/dylandesign.ch\/wp-content\/uploads\/2023\/09\/IMG_1006-3-768x1024.jpeg 768w, https:\/\/dylandesign.ch\/wp-content\/uploads\/2023\/09\/IMG_1006-3-225x300.jpeg 225w, https:\/\/dylandesign.ch\/wp-content\/uploads\/2023\/09\/IMG_1006-3-113x150.jpeg 113w, https:\/\/dylandesign.ch\/wp-content\/uploads\/2023\/09\/IMG_1006-3-1152x1536.jpeg 1152w, https:\/\/dylandesign.ch\/wp-content\/uploads\/2023\/09\/IMG_1006-3-1536x2048.jpeg 1536w, https:\/\/dylandesign.ch\/wp-content\/uploads\/2023\/09\/IMG_1006-3-scaled.jpeg 1920w\" sizes=\"(max-width: 768px) 100vw, 768px\" \/><\/figure>\n\n\n\n<figure class=\"wp-block-image size-large\"><img loading=\"lazy\" decoding=\"async\" width=\"768\" height=\"1024\" data-id=\"511\" src=\"https:\/\/dylandesign.ch\/wp-content\/uploads\/2023\/09\/IMG_1012-2-768x1024.jpeg\" alt=\"\" class=\"wp-image-511\" srcset=\"https:\/\/dylandesign.ch\/wp-content\/uploads\/2023\/09\/IMG_1012-2-768x1024.jpeg 768w, https:\/\/dylandesign.ch\/wp-content\/uploads\/2023\/09\/IMG_1012-2-225x300.jpeg 225w, https:\/\/dylandesign.ch\/wp-content\/uploads\/2023\/09\/IMG_1012-2-113x150.jpeg 113w, https:\/\/dylandesign.ch\/wp-content\/uploads\/2023\/09\/IMG_1012-2-1152x1536.jpeg 1152w, https:\/\/dylandesign.ch\/wp-content\/uploads\/2023\/09\/IMG_1012-2-1536x2048.jpeg 1536w, https:\/\/dylandesign.ch\/wp-content\/uploads\/2023\/09\/IMG_1012-2-scaled.jpeg 1920w\" sizes=\"(max-width: 768px) 100vw, 768px\" \/><\/figure>\n\n\n\n<figure class=\"wp-block-image size-large\"><img loading=\"lazy\" decoding=\"async\" width=\"768\" height=\"1024\" data-id=\"512\" src=\"https:\/\/dylandesign.ch\/wp-content\/uploads\/2023\/09\/IMG_1021-3-768x1024.jpeg\" alt=\"\" class=\"wp-image-512\" srcset=\"https:\/\/dylandesign.ch\/wp-content\/uploads\/2023\/09\/IMG_1021-3-768x1024.jpeg 768w, https:\/\/dylandesign.ch\/wp-content\/uploads\/2023\/09\/IMG_1021-3-225x300.jpeg 225w, https:\/\/dylandesign.ch\/wp-content\/uploads\/2023\/09\/IMG_1021-3-113x150.jpeg 113w, https:\/\/dylandesign.ch\/wp-content\/uploads\/2023\/09\/IMG_1021-3-1152x1536.jpeg 1152w, https:\/\/dylandesign.ch\/wp-content\/uploads\/2023\/09\/IMG_1021-3-1536x2048.jpeg 1536w, https:\/\/dylandesign.ch\/wp-content\/uploads\/2023\/09\/IMG_1021-3-scaled.jpeg 1920w\" sizes=\"(max-width: 768px) 100vw, 768px\" \/><\/figure>\n\n\n\n<figure class=\"wp-block-image size-large\"><img loading=\"lazy\" decoding=\"async\" width=\"1024\" height=\"768\" data-id=\"513\" src=\"https:\/\/dylandesign.ch\/wp-content\/uploads\/2023\/09\/IMG_1024-3-1024x768.jpeg\" alt=\"\" class=\"wp-image-513\" srcset=\"https:\/\/dylandesign.ch\/wp-content\/uploads\/2023\/09\/IMG_1024-3-1024x768.jpeg 1024w, https:\/\/dylandesign.ch\/wp-content\/uploads\/2023\/09\/IMG_1024-3-300x225.jpeg 300w, https:\/\/dylandesign.ch\/wp-content\/uploads\/2023\/09\/IMG_1024-3-150x113.jpeg 150w, https:\/\/dylandesign.ch\/wp-content\/uploads\/2023\/09\/IMG_1024-3-768x576.jpeg 768w, https:\/\/dylandesign.ch\/wp-content\/uploads\/2023\/09\/IMG_1024-3-1536x1152.jpeg 1536w, https:\/\/dylandesign.ch\/wp-content\/uploads\/2023\/09\/IMG_1024-3-2048x1536.jpeg 2048w\" sizes=\"(max-width: 1024px) 100vw, 1024px\" \/><\/figure>\n\n\n\n<figure class=\"wp-block-image size-large\"><img loading=\"lazy\" decoding=\"async\" width=\"1024\" height=\"768\" data-id=\"514\" src=\"https:\/\/dylandesign.ch\/wp-content\/uploads\/2023\/09\/IMG_1029-3-1024x768.jpeg\" alt=\"\" class=\"wp-image-514\" srcset=\"https:\/\/dylandesign.ch\/wp-content\/uploads\/2023\/09\/IMG_1029-3-1024x768.jpeg 1024w, https:\/\/dylandesign.ch\/wp-content\/uploads\/2023\/09\/IMG_1029-3-300x225.jpeg 300w, https:\/\/dylandesign.ch\/wp-content\/uploads\/2023\/09\/IMG_1029-3-150x113.jpeg 150w, https:\/\/dylandesign.ch\/wp-content\/uploads\/2023\/09\/IMG_1029-3-768x576.jpeg 768w, https:\/\/dylandesign.ch\/wp-content\/uploads\/2023\/09\/IMG_1029-3-1536x1152.jpeg 1536w, https:\/\/dylandesign.ch\/wp-content\/uploads\/2023\/09\/IMG_1029-3-2048x1536.jpeg 2048w\" sizes=\"(max-width: 1024px) 100vw, 1024px\" \/><\/figure>\n\n\n\n<figure class=\"wp-block-image size-large\"><img loading=\"lazy\" decoding=\"async\" width=\"768\" height=\"1024\" data-id=\"515\" src=\"https:\/\/dylandesign.ch\/wp-content\/uploads\/2023\/09\/IMG_1032-2-768x1024.jpeg\" alt=\"\" class=\"wp-image-515\" srcset=\"https:\/\/dylandesign.ch\/wp-content\/uploads\/2023\/09\/IMG_1032-2-768x1024.jpeg 768w, https:\/\/dylandesign.ch\/wp-content\/uploads\/2023\/09\/IMG_1032-2-225x300.jpeg 225w, https:\/\/dylandesign.ch\/wp-content\/uploads\/2023\/09\/IMG_1032-2-113x150.jpeg 113w, https:\/\/dylandesign.ch\/wp-content\/uploads\/2023\/09\/IMG_1032-2-1152x1536.jpeg 1152w, https:\/\/dylandesign.ch\/wp-content\/uploads\/2023\/09\/IMG_1032-2-1536x2048.jpeg 1536w, https:\/\/dylandesign.ch\/wp-content\/uploads\/2023\/09\/IMG_1032-2-scaled.jpeg 1920w\" sizes=\"(max-width: 768px) 100vw, 768px\" \/><\/figure>\n\n\n\n<figure class=\"wp-block-image size-large\"><img loading=\"lazy\" decoding=\"async\" width=\"1024\" height=\"768\" data-id=\"516\" src=\"https:\/\/dylandesign.ch\/wp-content\/uploads\/2023\/09\/IMG_1051-3-1024x768.jpeg\" alt=\"\" class=\"wp-image-516\" srcset=\"https:\/\/dylandesign.ch\/wp-content\/uploads\/2023\/09\/IMG_1051-3-1024x768.jpeg 1024w, https:\/\/dylandesign.ch\/wp-content\/uploads\/2023\/09\/IMG_1051-3-300x225.jpeg 300w, https:\/\/dylandesign.ch\/wp-content\/uploads\/2023\/09\/IMG_1051-3-150x113.jpeg 150w, https:\/\/dylandesign.ch\/wp-content\/uploads\/2023\/09\/IMG_1051-3-768x576.jpeg 768w, https:\/\/dylandesign.ch\/wp-content\/uploads\/2023\/09\/IMG_1051-3-1536x1152.jpeg 1536w, https:\/\/dylandesign.ch\/wp-content\/uploads\/2023\/09\/IMG_1051-3-2048x1536.jpeg 2048w\" sizes=\"(max-width: 1024px) 100vw, 1024px\" \/><\/figure>\n\n\n\n<figure class=\"wp-block-image size-large\"><img loading=\"lazy\" decoding=\"async\" width=\"768\" height=\"1024\" data-id=\"517\" src=\"https:\/\/dylandesign.ch\/wp-content\/uploads\/2023\/09\/IMG_1053-3-768x1024.jpeg\" alt=\"\" class=\"wp-image-517\" srcset=\"https:\/\/dylandesign.ch\/wp-content\/uploads\/2023\/09\/IMG_1053-3-768x1024.jpeg 768w, https:\/\/dylandesign.ch\/wp-content\/uploads\/2023\/09\/IMG_1053-3-225x300.jpeg 225w, https:\/\/dylandesign.ch\/wp-content\/uploads\/2023\/09\/IMG_1053-3-113x150.jpeg 113w, https:\/\/dylandesign.ch\/wp-content\/uploads\/2023\/09\/IMG_1053-3-1152x1536.jpeg 1152w, https:\/\/dylandesign.ch\/wp-content\/uploads\/2023\/09\/IMG_1053-3-1536x2048.jpeg 1536w, https:\/\/dylandesign.ch\/wp-content\/uploads\/2023\/09\/IMG_1053-3-scaled.jpeg 1920w\" sizes=\"(max-width: 768px) 100vw, 768px\" \/><\/figure>\n<\/figure>\n\n\n\n<p>Ausgangslage: Bridge-Market offerierte mit Brutal Lokal, eine Auswahl von lokalen Brands aus der Region Z\u00fcrich. F\u00fcr das habe ich verschiedene Werbeprodukte gestaltet.<\/p>\n","protected":false},"excerpt":{"rendered":"<p>2023 Auftrag: Gestaltung verschiedener Werbeprodukte f\u00fcr Brutal Lokal Ausgangslage: Bridge-Market offerierte mit Brutal Lokal, eine Auswahl von lokalen Brands aus der Region Z\u00fcrich. F\u00fcr das habe ich verschiedene Werbeprodukte gestaltet.<\/p>\n","protected":false},"author":1,"featured_media":0,"parent":0,"menu_order":0,"comment_status":"closed","ping_status":"closed","template":"","meta":{"_uag_custom_page_level_css":"","footnotes":""},"class_list":["post-479","page","type-page","status-publish","hentry"],"translation":{"provider":"WPGlobus","version":"2.12.2","language":"en","enabled_languages":["de","en"],"languages":{"de":{"title":true,"content":true,"excerpt":false},"en":{"title":false,"content":false,"excerpt":false}}},"uagb_featured_image_src":{"full":false,"thumbnail":false,"medium":false,"medium_large":false,"large":false,"1536x1536":false,"2048x2048":false,"gg_gallery_thumbnail":false,"inspiro-featured-image":false,"inspiro-loop":false,"inspiro-loop@2x":false},"uagb_author_info":{"display_name":"twerp","author_link":"https:\/\/dylandesign.ch\/en\/author\/twerp\/"},"uagb_comment_info":0,"uagb_excerpt":"2023 Auftrag: Gestaltung verschiedener Werbeprodukte f\u00fcr Brutal Lokal Ausgangslage: Bridge-Market offerierte mit Brutal Lokal, eine Auswahl von lokalen Brands aus der Region Z\u00fcrich. F\u00fcr das habe ich verschiedene Werbeprodukte gestaltet.","_links":{"self":[{"href":"https:\/\/dylandesign.ch\/en\/wp-json\/wp\/v2\/pages\/479"}],"collection":[{"href":"https:\/\/dylandesign.ch\/en\/wp-json\/wp\/v2\/pages"}],"about":[{"href":"https:\/\/dylandesign.ch\/en\/wp-json\/wp\/v2\/types\/page"}],"author":[{"embeddable":true,"href":"https:\/\/dylandesign.ch\/en\/wp-json\/wp\/v2\/users\/1"}],"replies":[{"embeddable":true,"href":"https:\/\/dylandesign.ch\/en\/wp-json\/wp\/v2\/comments?post=479"}],"version-history":[{"count":6,"href":"https:\/\/dylandesign.ch\/en\/wp-json\/wp\/v2\/pages\/479\/revisions"}],"predecessor-version":[{"id":661,"href":"https:\/\/dylandesign.ch\/en\/wp-json\/wp\/v2\/pages\/479\/revisions\/661"}],"wp:attachment":[{"href":"https:\/\/dylandesign.ch\/en\/wp-json\/wp\/v2\/media?parent=479"}],"curies":[{"name":"wp","href":"https:\/\/api.w.org\/{rel}","templated":true}]}}