{"id":646,"date":"2024-01-29T16:18:05","date_gmt":"2024-01-29T16:18:05","guid":{"rendered":"https:\/\/dylandesign.ch\/?page_id=646"},"modified":"2024-01-29T16:23:42","modified_gmt":"2024-01-29T16:23:42","slug":"qr-code-karten-jelmoli","status":"publish","type":"page","link":"https:\/\/dylandesign.ch\/en\/qr-code-karten-jelmoli\/","title":{"rendered":"QR Code-Karten: Jelmoli"},"content":{"rendered":"\n<p>2022<\/p>\n\n\n\n<p>Auftrag: Gestaltung mehrerer QR Code-Karten. F\u00fcr eine Umfrage im Jelmoli.<\/p>\n\n\n\n<figure class=\"wp-block-gallery has-nested-images columns-default is-cropped wp-block-gallery-1 is-layout-flex wp-block-gallery-is-layout-flex\">\n<figure class=\"wp-block-image size-large\"><img loading=\"lazy\" decoding=\"async\" width=\"724\" height=\"1024\" data-id=\"654\" src=\"https:\/\/dylandesign.ch\/wp-content\/uploads\/2024\/01\/QR_Karten_Varianten-1-724x1024.jpg\" alt=\"\" class=\"wp-image-654\" srcset=\"https:\/\/dylandesign.ch\/wp-content\/uploads\/2024\/01\/QR_Karten_Varianten-1-724x1024.jpg 724w, https:\/\/dylandesign.ch\/wp-content\/uploads\/2024\/01\/QR_Karten_Varianten-1-212x300.jpg 212w, https:\/\/dylandesign.ch\/wp-content\/uploads\/2024\/01\/QR_Karten_Varianten-1-106x150.jpg 106w, https:\/\/dylandesign.ch\/wp-content\/uploads\/2024\/01\/QR_Karten_Varianten-1.jpg 1240w\" sizes=\"(max-width: 724px) 100vw, 724px\" \/><\/figure>\n\n\n\n<figure class=\"wp-block-image size-large\"><img loading=\"lazy\" decoding=\"async\" width=\"724\" height=\"1024\" data-id=\"655\" src=\"https:\/\/dylandesign.ch\/wp-content\/uploads\/2024\/01\/QR_Karten_Varianten2-2-724x1024.jpg\" alt=\"\" class=\"wp-image-655\" srcset=\"https:\/\/dylandesign.ch\/wp-content\/uploads\/2024\/01\/QR_Karten_Varianten2-2-724x1024.jpg 724w, https:\/\/dylandesign.ch\/wp-content\/uploads\/2024\/01\/QR_Karten_Varianten2-2-212x300.jpg 212w, https:\/\/dylandesign.ch\/wp-content\/uploads\/2024\/01\/QR_Karten_Varianten2-2-106x150.jpg 106w, https:\/\/dylandesign.ch\/wp-content\/uploads\/2024\/01\/QR_Karten_Varianten2-2.jpg 1240w\" sizes=\"(max-width: 724px) 100vw, 724px\" \/><\/figure>\n<\/figure>\n\n\n\n<p>Ausgangslage: Ein Freund von mir musste eine Umfrage machen im Jelmoli. F\u00fcr das Brauchte er QR Code-Karten. Er fragte mich ob ich ihn ein paar Varianten gestalten k\u00f6nnte. Ich nahm den Auftrag an und liess meiner Kreativit\u00e4t, freien lauf. <\/p>\n","protected":false},"excerpt":{"rendered":"<p>2022 Auftrag: Gestaltung mehrerer QR Code-Karten. F\u00fcr eine Umfrage im Jelmoli. Ausgangslage: Ein Freund von mir musste eine Umfrage machen im Jelmoli. F\u00fcr das Brauchte er QR Code-Karten. Er fragte mich ob ich ihn ein paar Varianten gestalten k\u00f6nnte. Ich nahm den Auftrag an und liess meiner Kreativit\u00e4t, freien lauf.<\/p>\n","protected":false},"author":1,"featured_media":0,"parent":0,"menu_order":0,"comment_status":"closed","ping_status":"closed","template":"","meta":{"_uag_custom_page_level_css":"","footnotes":""},"class_list":["post-646","page","type-page","status-publish","hentry"],"translation":{"provider":"WPGlobus","version":"2.12.2","language":"en","enabled_languages":["de","en"],"languages":{"de":{"title":true,"content":true,"excerpt":false},"en":{"title":false,"content":false,"excerpt":false}}},"uagb_featured_image_src":{"full":false,"thumbnail":false,"medium":false,"medium_large":false,"large":false,"1536x1536":false,"2048x2048":false,"gg_gallery_thumbnail":false,"inspiro-featured-image":false,"inspiro-loop":false,"inspiro-loop@2x":false},"uagb_author_info":{"display_name":"twerp","author_link":"https:\/\/dylandesign.ch\/en\/author\/twerp\/"},"uagb_comment_info":0,"uagb_excerpt":"2022 Auftrag: Gestaltung mehrerer QR Code-Karten. F\u00fcr eine Umfrage im Jelmoli. Ausgangslage: Ein Freund von mir musste eine Umfrage machen im Jelmoli. F\u00fcr das Brauchte er QR Code-Karten. Er fragte mich ob ich ihn ein paar Varianten gestalten k\u00f6nnte. Ich nahm den Auftrag an und liess meiner Kreativit\u00e4t, freien lauf.","_links":{"self":[{"href":"https:\/\/dylandesign.ch\/en\/wp-json\/wp\/v2\/pages\/646"}],"collection":[{"href":"https:\/\/dylandesign.ch\/en\/wp-json\/wp\/v2\/pages"}],"about":[{"href":"https:\/\/dylandesign.ch\/en\/wp-json\/wp\/v2\/types\/page"}],"author":[{"embeddable":true,"href":"https:\/\/dylandesign.ch\/en\/wp-json\/wp\/v2\/users\/1"}],"replies":[{"embeddable":true,"href":"https:\/\/dylandesign.ch\/en\/wp-json\/wp\/v2\/comments?post=646"}],"version-history":[{"count":2,"href":"https:\/\/dylandesign.ch\/en\/wp-json\/wp\/v2\/pages\/646\/revisions"}],"predecessor-version":[{"id":659,"href":"https:\/\/dylandesign.ch\/en\/wp-json\/wp\/v2\/pages\/646\/revisions\/659"}],"wp:attachment":[{"href":"https:\/\/dylandesign.ch\/en\/wp-json\/wp\/v2\/media?parent=646"}],"curies":[{"name":"wp","href":"https:\/\/api.w.org\/{rel}","templated":true}]}}