{"id":703,"date":"2024-07-24T12:52:52","date_gmt":"2024-07-24T12:52:52","guid":{"rendered":"https:\/\/dylandesign.ch\/?page_id=703"},"modified":"2024-07-24T13:51:05","modified_gmt":"2024-07-24T13:51:05","slug":"editorial-design","status":"publish","type":"page","link":"https:\/\/dylandesign.ch\/en\/editorial-design\/","title":{"rendered":"Editorial Design"},"content":{"rendered":"\n<p><strong>WHAT KIND OF TYPES WILL WE NEED AND WRITE?<\/strong><\/p>\n\n\n\n<p>2016, GDK Gestaltungsschule Z\u00fcrich (Schulprojekt)<\/p>\n\n\n\n<p>Bereich: Buchgestaltung und Typografie<\/p>\n\n\n\n<p>Auftrag: Eine Buchgestaltung zu einem vorgegeben und bekannten Gegenstand entwickeln.<\/p>\n\n\n\n<figure class=\"wp-block-gallery has-nested-images columns-default is-cropped wp-block-gallery-1 is-layout-flex wp-block-gallery-is-layout-flex\">\n<figure class=\"wp-block-image size-large\"><img loading=\"lazy\" decoding=\"async\" width=\"1024\" height=\"817\" data-id=\"187\" src=\"https:\/\/dylandesign.ch\/wp-content\/uploads\/2019\/07\/schreibmaschine-portfolio_2-1024x817.jpg\" alt=\"\" class=\"wp-image-187\" srcset=\"https:\/\/dylandesign.ch\/wp-content\/uploads\/2019\/07\/schreibmaschine-portfolio_2-1024x817.jpg 1024w, https:\/\/dylandesign.ch\/wp-content\/uploads\/2019\/07\/schreibmaschine-portfolio_2-150x120.jpg 150w, https:\/\/dylandesign.ch\/wp-content\/uploads\/2019\/07\/schreibmaschine-portfolio_2-300x239.jpg 300w, https:\/\/dylandesign.ch\/wp-content\/uploads\/2019\/07\/schreibmaschine-portfolio_2-768x612.jpg 768w, https:\/\/dylandesign.ch\/wp-content\/uploads\/2019\/07\/schreibmaschine-portfolio_2.jpg 2000w\" sizes=\"(max-width: 1024px) 100vw, 1024px\" \/><\/figure>\n\n\n\n<figure class=\"wp-block-image size-large\"><img loading=\"lazy\" decoding=\"async\" width=\"1024\" height=\"691\" data-id=\"95\" src=\"https:\/\/dylandesign.ch\/wp-content\/uploads\/2019\/07\/buchgestaltung-cover-1024x691.jpg\" alt=\"\" class=\"wp-image-95\" srcset=\"https:\/\/dylandesign.ch\/wp-content\/uploads\/2019\/07\/buchgestaltung-cover-1024x691.jpg 1024w, https:\/\/dylandesign.ch\/wp-content\/uploads\/2019\/07\/buchgestaltung-cover-300x202.jpg 300w, https:\/\/dylandesign.ch\/wp-content\/uploads\/2019\/07\/buchgestaltung-cover-768x518.jpg 768w, https:\/\/dylandesign.ch\/wp-content\/uploads\/2019\/07\/buchgestaltung-cover-1568x1058.jpg 1568w, https:\/\/dylandesign.ch\/wp-content\/uploads\/2019\/07\/buchgestaltung-cover.jpg 1732w\" sizes=\"(max-width: 1024px) 100vw, 1024px\" \/><\/figure>\n<\/figure>\n\n\n\n<p>Ausgangslage: F\u00fcr mein Buchgestaltungsprojekt bekam ich den Kugelkopf einer IBM-Kugelkopf-Schreibmaschine. Dieses Objekt sollte den Ausgangspunkt des Projekts darstellen. Ich recherchierte dazu im Internet. Im Laufe der Arbeit bildete sich als Schwerpunkt die Schreibmaschine im Allgemeinen heraus. Mit den vorgefundenen Informationen zum Thema Schreibmaschine (Bild und Text) entwarf ich den Buchumschlag und Innenseiten des Buches \u201eWhat kind of types we need and write?\u201c.<\/p>\n\n\n\n<p>Erfahrungen: Mit recherchierten Informationen ein Layout umsetzen und dabei die typografischen Regeln kennen- und anwenden lernen. Durch spielerisches Experimentieren mit \u00dcberlagerungen und fl\u00e4chiger Transparenz neue Gestaltungsm\u00f6glichkeiten entdecken.<\/p>\n","protected":false},"excerpt":{"rendered":"<p>WHAT KIND OF TYPES WILL WE NEED AND WRITE? 2016, GDK Gestaltungsschule Z\u00fcrich (Schulprojekt) Bereich: Buchgestaltung und Typografie Auftrag: Eine Buchgestaltung zu einem vorgegeben und bekannten Gegenstand entwickeln. Ausgangslage: F\u00fcr mein Buchgestaltungsprojekt bekam ich den Kugelkopf einer IBM-Kugelkopf-Schreibmaschine. Dieses Objekt sollte den Ausgangspunkt des Projekts darstellen. Ich recherchierte dazu im Internet. Im Laufe der Arbeit &hellip; <\/p>\n<p class=\"link-more\"><a href=\"https:\/\/dylandesign.ch\/en\/editorial-design\/\" class=\"more-link\">Read more<span class=\"screen-reader-text\"> &#8220;Editorial Design&#8221;<\/span><\/a><\/p>\n","protected":false},"author":1,"featured_media":0,"parent":0,"menu_order":0,"comment_status":"closed","ping_status":"closed","template":"","meta":{"_uag_custom_page_level_css":"","footnotes":""},"class_list":["post-703","page","type-page","status-publish","hentry"],"translation":{"provider":"WPGlobus","version":"2.12.2","language":"en","enabled_languages":["de","en"],"languages":{"de":{"title":true,"content":true,"excerpt":false},"en":{"title":false,"content":false,"excerpt":false}}},"uagb_featured_image_src":{"full":false,"thumbnail":false,"medium":false,"medium_large":false,"large":false,"1536x1536":false,"2048x2048":false,"gg_gallery_thumbnail":false,"inspiro-featured-image":false,"inspiro-loop":false,"inspiro-loop@2x":false},"uagb_author_info":{"display_name":"twerp","author_link":"https:\/\/dylandesign.ch\/en\/author\/twerp\/"},"uagb_comment_info":0,"uagb_excerpt":"WHAT KIND OF TYPES WILL WE NEED AND WRITE? 2016, GDK Gestaltungsschule Z\u00fcrich (Schulprojekt) Bereich: Buchgestaltung und Typografie Auftrag: Eine Buchgestaltung zu einem vorgegeben und bekannten Gegenstand entwickeln. Ausgangslage: F\u00fcr mein Buchgestaltungsprojekt bekam ich den Kugelkopf einer IBM-Kugelkopf-Schreibmaschine. Dieses Objekt sollte den Ausgangspunkt des Projekts darstellen. Ich recherchierte dazu im Internet. Im Laufe der Arbeit&hellip;","_links":{"self":[{"href":"https:\/\/dylandesign.ch\/en\/wp-json\/wp\/v2\/pages\/703"}],"collection":[{"href":"https:\/\/dylandesign.ch\/en\/wp-json\/wp\/v2\/pages"}],"about":[{"href":"https:\/\/dylandesign.ch\/en\/wp-json\/wp\/v2\/types\/page"}],"author":[{"embeddable":true,"href":"https:\/\/dylandesign.ch\/en\/wp-json\/wp\/v2\/users\/1"}],"replies":[{"embeddable":true,"href":"https:\/\/dylandesign.ch\/en\/wp-json\/wp\/v2\/comments?post=703"}],"version-history":[{"count":2,"href":"https:\/\/dylandesign.ch\/en\/wp-json\/wp\/v2\/pages\/703\/revisions"}],"predecessor-version":[{"id":708,"href":"https:\/\/dylandesign.ch\/en\/wp-json\/wp\/v2\/pages\/703\/revisions\/708"}],"wp:attachment":[{"href":"https:\/\/dylandesign.ch\/en\/wp-json\/wp\/v2\/media?parent=703"}],"curies":[{"name":"wp","href":"https:\/\/api.w.org\/{rel}","templated":true}]}}